{"id":836,"date":"2021-09-11T13:02:29","date_gmt":"2021-09-11T10:02:29","guid":{"rendered":"http:\/\/www.benovamuhendislik.com\/?page_id=836"},"modified":"2022-09-06T09:08:13","modified_gmt":"2022-09-06T06:08:13","slug":"kalite-kontrol","status":"publish","type":"page","link":"https:\/\/www.benovamuhendislik.com\/index.php\/kalite-kontrol\/","title":{"rendered":"Kalite Kontrol"},"content":{"rendered":"<p>[vc_row][vc_column][dfd_spacer screen_wide_spacer_size=&#8221;50&#8243; screen_normal_resolution=&#8221;1024&#8243; screen_tablet_resolution=&#8221;800&#8243; screen_mobile_resolution=&#8221;480&#8243; screen_normal_spacer_size=&#8221;30&#8243; screen_tablet_spacer_size=&#8221;30&#8243; screen_mobile_spacer_size=&#8221;15&#8243;][dfd_heading subtitle=&#8221;&#8221; content_alignment=&#8221;text-left&#8221; enable_delimiter=&#8221;&#8221; undefined=&#8221;&#8221; title_font_options=&#8221;tag:h2|color:%23272727&#8243; subtitle_font_options=&#8221;tag:div&#8221;]Kalite Kontrol[\/dfd_heading][dfd_spacer screen_wide_spacer_size=&#8221;20&#8243; screen_normal_resolution=&#8221;1024&#8243; screen_tablet_resolution=&#8221;800&#8243; screen_mobile_resolution=&#8221;480&#8243;][vc_column_text]\u00dcr\u00fcn geli\u015ftirme \u00e7al\u0131\u015fmalar\u0131n\u0131n her a\u015famas\u0131nda \u00e7e\u015fitli sebeplerle ihtiya\u00e7 duyulan kalite kontrol hizmetlerinde; tek par\u00e7a \u00fczerinden oldu\u011fu gibi, seri \u00fcretimden \u00e7\u0131kan \u00fcr\u00fcnlerin tekrarl\u0131 \u015fekilde kalite kontrol ve raporlamas\u0131nda da uzmanla\u015fm\u0131\u015ft\u0131r.<\/p>\n<p>Kalite kontrol faaliyetlerimizde; istenen raporlamaya ve amaca y\u00f6nelik olarak, optik, lazer ve dokunmatik sistemler y\u00fcksek uzmanl\u0131kla kullan\u0131labilmektedir. \u00c7al\u0131\u015fman\u0131n yap\u0131laca\u011f\u0131 teknolojiye en uygun maliyet, en y\u00fcksek do\u011fruluk ve en h\u0131zl\u0131 sonu\u00e7 ilkelerini g\u00f6z \u00f6n\u00fcnde bulundurarak karar veririz. M\u00fc\u015fterilerini her t\u00fcrl\u00fc \u00fcretim a\u015famas\u0131nda destekleyen Benova M\u00fchendislik, elde etti\u011fi deneyimi m\u00fc\u015fterilerine aktar\u0131rken tam ortak \u00e7al\u0131\u015fma prensibini, ilkelerinin en \u00f6n\u00fcnde tutar. T\u00fcm bu nedenlerle, birlikte \u00e7al\u0131\u015ft\u0131\u011f\u0131 firmalar\u0131 teknoloji bilgisi ile de her zaman destekler.<\/p>\n<p>Kalite Kontrol Projelerinde hem 3 Boyutlu veri \u00fczerinden, hem de 2 Boyutlu teknik resim \u00fczerinden \u00e7al\u0131\u015fmalar yap\u0131labilmektedir. Tasar\u0131m yaz\u0131l\u0131m\u0131ndan al\u0131nan 3 Boyutlu veriler, kalite kontrol yaz\u0131l\u0131mlar\u0131nda kullan\u0131larak al\u0131nacak \u00f6l\u00e7\u00fcm ve raporlar plan halinde olu\u015fturulmaktad\u0131r. Bu plan d\u00e2hilin de t\u00fcm \u00f6l\u00e7\u00fcler kontrol edilip, raporlamalar *.HTML, *.PDF, *.XLS formatlar\u0131nda, 3 Boyutlu olarak kontrol edebilece\u011finiz g\u00f6rselle\u015ftirmeyi sunabilmektedir.<\/p>\n<p>Geometrik \u00f6l\u00e7\u00fc ve toleranslar\u0131n belirlenmesinin istendi\u011fi projelerde, planlama i\u00e7ine d\u00e2hil edilen bu \u00f6l\u00e7\u00fcler, plan d\u00e2hilinde yaz\u0131l\u0131ma tan\u0131t\u0131l\u0131r. Tan\u0131t\u0131lan bu \u00f6l\u00e7\u00fclerin say\u0131s\u0131 ne kadar \u00e7ok olursa olsun, t\u00fcm \u00f6l\u00e7\u00fcler her par\u00e7a i\u00e7in sadece birka\u00e7 dakika i\u00e7inde sonu\u00e7land\u0131r\u0131labilir. Bu \u015fekilde seri \u00fcretimde \u00f6rnekleme s\u0131kl\u0131\u011f\u0131 artt\u0131r\u0131lsa da, Kalite Kontrol maliyetleri d\u00fc\u015f\u00fcr\u00fclm\u00fc\u015f olur.<\/p>\n<p>\u00c7al\u0131\u015fmalarda en d\u00fc\u015f\u00fck maliyetli, en do\u011fru ve en h\u0131zl\u0131 sonuca ula\u015fmay\u0131 hedefliyorsan\u0131z, Benova M\u00fchendisli\u011fe \u00fcr\u00fcnlerinizi ve \u00f6l\u00e7\u00fclmesini istedi\u011finiz boyutlar\u0131, elektronik ortamda g\u00f6nderebilirsiniz. 3 Boyutlu datalar\u0131n\u0131z\u0131 *.IGES ve*.STEP format\u0131nda g\u00f6nderebilece\u011finiz gibi, *.CATPART dosyas\u0131 \u015feklinde de bize ula\u015ft\u0131rabilirsiniz. Projenizin detaylar\u0131 belirlenerek sizlere en uygun fiyat bilgisi g\u00fcn i\u00e7inde verilir.<\/p>\n<p>T\u00fcm projelerinizde firman\u0131z i\u00e7in her zaman, Benova M\u00fchendislik olarak \u00e7al\u0131\u015fmalar\u0131n\u0131za en iyi deste\u011fi vermekteyiz.<\/p>\n<p>H\u0131zl\u0131, Do\u011fru ve Uygun maliyetli \u00e7\u00f6z\u00fcm \u00f6nerilerinin t\u00fcm\u00fc Benova M\u00fchendislik b\u00fcnyesinde bulunmaktad\u0131r.<\/p>\n<p>[\/vc_column_text][dfd_spacer screen_wide_spacer_size=&#8221;30&#8243; screen_normal_resolution=&#8221;1024&#8243; screen_tablet_resolution=&#8221;800&#8243; screen_mobile_resolution=&#8221;480&#8243;][dfd_single_image image=&#8221;837&#8243;][\/vc_column][\/vc_row][vc_row][vc_column][vc_column_text]<\/p>\n<p>[\/vc_column_text][\/vc_column][\/vc_row]<\/p>\n","protected":false},"excerpt":{"rendered":"<p>[vc_row][vc_column][dfd_spacer screen_wide_spacer_size=&#8221;50&#8243; screen_normal_resolution=&#8221;1024&#8243; screen_tablet_resolution=&#8221;800&#8243; screen_mobile_resolution=&#8221;480&#8243; screen_normal_spacer_size=&#8221;30&#8243; screen_tablet_spacer_size=&#8221;30&#8243; screen_mobile_spacer_size=&#8221;15&#8243;][dfd_heading subtitle=&#8221;&#8221; content_alignment=&#8221;text-left&#8221; enable_delimiter=&#8221;&#8221; undefined=&#8221;&#8221; title_font_options=&#8221;tag:h2|color:%23272727&#8243; subtitle_font_options=&#8221;tag:div&#8221;]Kalite Kontrol[\/dfd_heading][dfd_spacer screen_wide_spacer_size=&#8221;20&#8243; screen_normal_resolution=&#8221;1024&#8243; screen_tablet_resolution=&#8221;800&#8243; screen_mobile_resolution=&#8221;480&#8243;][vc_column_text]\u00dcr\u00fcn geli\u015ftirme \u00e7al\u0131\u015fmalar\u0131n\u0131n her a\u015famas\u0131nda \u00e7e\u015fitli sebeplerle ihtiya\u00e7 duyulan kalite kontrol hizmetlerinde;<\/p>\n","protected":false},"author":1,"featured_media":0,"parent":0,"menu_order":0,"comment_status":"closed","ping_status":"closed","template":"","meta":{"footnotes":""},"class_list":["post-836","page","type-page","status-publish","hentry"],"_links":{"self":[{"href":"https:\/\/www.benovamuhendislik.com\/index.php\/wp-json\/wp\/v2\/pages\/836","targetHints":{"allow":["GET"]}}],"collection":[{"href":"https:\/\/www.benovamuhendislik.com\/index.php\/wp-json\/wp\/v2\/pages"}],"about":[{"href":"https:\/\/www.benovamuhendislik.com\/index.php\/wp-json\/wp\/v2\/types\/page"}],"author":[{"embeddable":true,"href":"https:\/\/www.benovamuhendislik.com\/index.php\/wp-json\/wp\/v2\/users\/1"}],"replies":[{"embeddable":true,"href":"https:\/\/www.benovamuhendislik.com\/index.php\/wp-json\/wp\/v2\/comments?post=836"}],"version-history":[{"count":3,"href":"https:\/\/www.benovamuhendislik.com\/index.php\/wp-json\/wp\/v2\/pages\/836\/revisions"}],"predecessor-version":[{"id":1197,"href":"https:\/\/www.benovamuhendislik.com\/index.php\/wp-json\/wp\/v2\/pages\/836\/revisions\/1197"}],"wp:attachment":[{"href":"https:\/\/www.benovamuhendislik.com\/index.php\/wp-json\/wp\/v2\/media?parent=836"}],"curies":[{"name":"wp","href":"https:\/\/api.w.org\/{rel}","templated":true}]}}