{"id":830,"date":"2021-09-11T12:49:07","date_gmt":"2021-09-11T09:49:07","guid":{"rendered":"http:\/\/www.benovamuhendislik.com\/?page_id=830"},"modified":"2021-09-11T12:57:02","modified_gmt":"2021-09-11T09:57:02","slug":"hizli-prototipleme","status":"publish","type":"page","link":"https:\/\/www.benovamuhendislik.com\/index.php\/hizli-prototipleme\/","title":{"rendered":"H\u0131zl\u0131 Prototipleme"},"content":{"rendered":"<p>[vc_row][vc_column][dfd_spacer screen_wide_spacer_size=&#8221;50&#8243; screen_normal_resolution=&#8221;1024&#8243; screen_tablet_resolution=&#8221;800&#8243; screen_mobile_resolution=&#8221;480&#8243; screen_normal_spacer_size=&#8221;30&#8243; screen_tablet_spacer_size=&#8221;30&#8243; screen_mobile_spacer_size=&#8221;15&#8243;][dfd_heading subtitle=&#8221;&#8221; content_alignment=&#8221;text-left&#8221; enable_delimiter=&#8221;&#8221; undefined=&#8221;&#8221; title_font_options=&#8221;tag:h2|color:%23272727&#8243; subtitle_font_options=&#8221;tag:div&#8221;]H\u0131zl\u0131 Prototipleme[\/dfd_heading][dfd_spacer screen_wide_spacer_size=&#8221;20&#8243; screen_normal_resolution=&#8221;1024&#8243; screen_tablet_resolution=&#8221;800&#8243; screen_mobile_resolution=&#8221;480&#8243;][vc_column_text]<\/p>\n<p style=\"font-size: 18px;\">Yap\u0131lan \u00e7al\u0131\u015fmalar g\u00f6stermektedir ki \u00fcr\u00fcn geli\u015ftirme \u00e7al\u0131\u015famalar\u0131 s\u0131ras\u0131nda yap\u0131lan m\u00fchendislik de\u011fi\u015fikliklerinin maliyeti, her a\u015famada 10 kat artmaktad\u0131r. \u00d6rne\u011fin tasar\u0131m a\u015famas\u0131nda 100 USD maliyetle yap\u0131labilecek bir de\u011fi\u015fik prototip\/test a\u015famas\u0131nda yap\u0131l\u0131rsa 1.000 USD&#8217;a, kal\u0131plama a\u015famas\u0131nda 10.000 USD&#8217;a, \u00fcretim a\u015famas\u0131nda 100.000 USD&#8217;a, sat\u0131\u015f sonras\u0131nda ise 1.000.000 USD&#8217;a mal olmaktad\u0131r.<\/p>\n<p style=\"font-size: 18px;\">Bu nedenle \u00fcr\u00fcn geli\u015ftirme s\u00fcrecinde m\u00fcmk\u00fcn oldu\u011funca erken a\u015famada yap\u0131lan prototipleme ve fonksiyonel test \u00e7al\u0131\u015fmalar\u0131, \u015firketlere b\u00fcy\u00fck maliyet avantajlar\u0131 sa\u011flamaktad\u0131r. Sizlerin bu avantajlardan faydalanman\u0131z\u0131 hedefleyen BENOVA M\u00fchendislik, geli\u015ftirmekte oldu\u011funuz \u00fcr\u00fcne ve ihtiya\u00e7lar\u0131n\u0131za uygun h\u0131zl\u0131 prototipleme teknolojisini kullanarak, sizlere servis b\u00fcro hizmetleri sunmaktad\u0131r.<\/p>\n<p>[\/vc_column_text][dfd_spacer screen_wide_spacer_size=&#8221;30&#8243; screen_normal_resolution=&#8221;1024&#8243; screen_tablet_resolution=&#8221;800&#8243; screen_mobile_resolution=&#8221;480&#8243;][dfd_single_image image=&#8221;834&#8243; tutorials=&#8221;&#8221;][\/vc_column][\/vc_row][vc_row][vc_column][vc_column_text]<\/p>\n<p>[\/vc_column_text][\/vc_column][\/vc_row]<\/p>\n","protected":false},"excerpt":{"rendered":"<p>[vc_row][vc_column][dfd_spacer screen_wide_spacer_size=&#8221;50&#8243; screen_normal_resolution=&#8221;1024&#8243; screen_tablet_resolution=&#8221;800&#8243; screen_mobile_resolution=&#8221;480&#8243; screen_normal_spacer_size=&#8221;30&#8243; screen_tablet_spacer_size=&#8221;30&#8243; screen_mobile_spacer_size=&#8221;15&#8243;][dfd_heading subtitle=&#8221;&#8221; content_alignment=&#8221;text-left&#8221; enable_delimiter=&#8221;&#8221; undefined=&#8221;&#8221; title_font_options=&#8221;tag:h2|color:%23272727&#8243; subtitle_font_options=&#8221;tag:div&#8221;]H\u0131zl\u0131 Prototipleme[\/dfd_heading][dfd_spacer screen_wide_spacer_size=&#8221;20&#8243; screen_normal_resolution=&#8221;1024&#8243; screen_tablet_resolution=&#8221;800&#8243; screen_mobile_resolution=&#8221;480&#8243;][vc_column_text] Yap\u0131lan \u00e7al\u0131\u015fmalar g\u00f6stermektedir ki \u00fcr\u00fcn geli\u015ftirme \u00e7al\u0131\u015famalar\u0131 s\u0131ras\u0131nda yap\u0131lan m\u00fchendislik de\u011fi\u015fikliklerinin<\/p>\n","protected":false},"author":1,"featured_media":0,"parent":0,"menu_order":0,"comment_status":"closed","ping_status":"closed","template":"","meta":{"footnotes":""},"class_list":["post-830","page","type-page","status-publish","hentry"],"_links":{"self":[{"href":"https:\/\/www.benovamuhendislik.com\/index.php\/wp-json\/wp\/v2\/pages\/830","targetHints":{"allow":["GET"]}}],"collection":[{"href":"https:\/\/www.benovamuhendislik.com\/index.php\/wp-json\/wp\/v2\/pages"}],"about":[{"href":"https:\/\/www.benovamuhendislik.com\/index.php\/wp-json\/wp\/v2\/types\/page"}],"author":[{"embeddable":true,"href":"https:\/\/www.benovamuhendislik.com\/index.php\/wp-json\/wp\/v2\/users\/1"}],"replies":[{"embeddable":true,"href":"https:\/\/www.benovamuhendislik.com\/index.php\/wp-json\/wp\/v2\/comments?post=830"}],"version-history":[{"count":2,"href":"https:\/\/www.benovamuhendislik.com\/index.php\/wp-json\/wp\/v2\/pages\/830\/revisions"}],"predecessor-version":[{"id":835,"href":"https:\/\/www.benovamuhendislik.com\/index.php\/wp-json\/wp\/v2\/pages\/830\/revisions\/835"}],"wp:attachment":[{"href":"https:\/\/www.benovamuhendislik.com\/index.php\/wp-json\/wp\/v2\/media?parent=830"}],"curies":[{"name":"wp","href":"https:\/\/api.w.org\/{rel}","templated":true}]}}