{"id":827,"date":"2021-09-11T12:11:43","date_gmt":"2021-09-11T09:11:43","guid":{"rendered":"http:\/\/www.benovamuhendislik.com\/?page_id=827"},"modified":"2022-07-22T10:57:00","modified_gmt":"2022-07-22T07:57:00","slug":"tarama-hizmeti","status":"publish","type":"page","link":"https:\/\/www.benovamuhendislik.com\/index.php\/tarama-hizmeti\/","title":{"rendered":"Tarama Hizmeti"},"content":{"rendered":"<p>[vc_row][vc_column][dfd_spacer screen_wide_spacer_size=&#8221;50&#8243; screen_normal_resolution=&#8221;1024&#8243; screen_tablet_resolution=&#8221;800&#8243; screen_mobile_resolution=&#8221;480&#8243; screen_normal_spacer_size=&#8221;30&#8243; screen_tablet_spacer_size=&#8221;30&#8243; screen_mobile_spacer_size=&#8221;15&#8243;][dfd_heading subtitle=&#8221;&#8221; content_alignment=&#8221;text-left&#8221; enable_delimiter=&#8221;&#8221; undefined=&#8221;&#8221; title_font_options=&#8221;tag:h2|color:%23272727&#8243; subtitle_font_options=&#8221;tag:div&#8221;]Tarama Hizmeti[\/dfd_heading][dfd_spacer screen_wide_spacer_size=&#8221;20&#8243; screen_normal_resolution=&#8221;1024&#8243; screen_tablet_resolution=&#8221;800&#8243; screen_mobile_resolution=&#8221;480&#8243;][\/vc_column][\/vc_row][vc_row][vc_column width=&#8221;1\/2&#8243;][dfd_logo_carousel enable_slides=&#8221;slides&#8221; list_fields=&#8221;%5B%7B%22icon_image_id%22%3A%221090%22%7D%2C%7B%22icon_image_id%22%3A%221091%22%7D%2C%7B%22icon_image_id%22%3A%221089%22%7D%5D&#8221; slides_to_show=&#8221;1&#8243; slides_to_scroll=&#8221;1&#8243; slideshow_speed=&#8221;3000&#8243; main_style=&#8221;style-1&#8243; auto_slideshow=&#8221;auto_slid&#8221; enable_dots=&#8221;dots&#8221; dots_style=&#8221;dfdline&#8221; opacity_before=&#8221;100&#8243; opacity_after=&#8221;100&#8243;][dfd_spacer screen_wide_spacer_size=&#8221;25&#8243; screen_normal_resolution=&#8221;1024&#8243; screen_tablet_resolution=&#8221;800&#8243; screen_mobile_resolution=&#8221;480&#8243;][\/vc_column][vc_column width=&#8221;1\/2&#8243;][dfd_spacer screen_wide_spacer_size=&#8221;40&#8243; screen_normal_resolution=&#8221;1024&#8243; screen_tablet_resolution=&#8221;800&#8243; screen_mobile_resolution=&#8221;480&#8243;][vc_column_text]3 boyutlu fiziksel nesneler , par\u00e7a veya sistemler (kal\u0131p, fikst\u00fcr vb.) \u00fc\u00e7 boyutlu tarama cihazlar\u0131m\u0131zla taran\u0131p nokta bulutu \u015feklinde verileri elde edilir. Elde edilen bu nokta bulutu verileri uygun sistemler taraf\u0131ndan \u00fc\u00e7gen polygonal dataya d\u00f6n\u00fc\u015ft\u00fcr\u00fclerek .stl format\u0131nda y\u00fczey bilgisi olarak kullan\u0131labilmektedir. B\u00f6ylece hedef par\u00e7aya ya da sisteme ait veri nokta bulutu olarak komple bilgisayar ortam\u0131na at\u0131lm\u0131\u015f olur. Art\u0131k bu tam anlam\u0131yla \u00fczerinde istenilen herhangi bir de\u011fi\u015fiklik yap\u0131labilecek 3 boyutlu bir veridir.<\/p>\n<p>Tarama i\u015flemi Lazer ya da Optik sistemler ile yap\u0131labilmektedir. Par\u00e7a \u00fczerinden nokta alma i\u015flemi klasik y\u00f6ntemlerle g\u00fcnler, hatta haftalar s\u00fcrebilirken bu i\u015flem 3 Boyutlu Optik Tarama Sistemleri sayesinde birka\u00e7 saat i\u00e7inde yap\u0131labilmektedir. Genel olarak yap\u0131lan t\u00fcm taramalarda detaylar\u0131n \u00e7oklu\u011fu ve y\u00fczey p\u00fcr\u00fczl\u00fcl\u00fc\u011f\u00fc, yap\u0131lacak taraman\u0131n sonucunu ve s\u00fcresini etkilemektedir. (Komplike par\u00e7alardaki detaylar ve p\u00fcr\u00fczler artt\u0131k\u00e7a yap\u0131lan taramada t\u00fcm detaylar \u00e7\u0131kmayabilir, b\u00f6ylelikle kaliteli bir sonu\u00e7 i\u00e7in tarama s\u00fcresi uzam\u0131\u015f olur.)<\/p>\n<p>3 Boyutlu Tarama sonras\u0131 elde edilen .stl verisiyle yap\u0131labilecekler;<\/p>\n<p>&#8211; CAM programlar\u0131 ile tak\u0131m yolu olu\u015fturma ve sonras\u0131nda imalata ge\u00e7i\u015f<\/p>\n<p>&#8211; Boyutsal kalite kontrol<\/p>\n<p>&#8211; Tersine M\u00fchendislik<\/p>\n<p>&#8211; H\u0131zl\u0131 prototipleme[\/vc_column_text][dfd_spacer screen_wide_spacer_size=&#8221;25&#8243; screen_normal_resolution=&#8221;1024&#8243; screen_tablet_resolution=&#8221;800&#8243; screen_mobile_resolution=&#8221;480&#8243;][\/vc_column][\/vc_row][vc_row][vc_column][vc_column_text]<\/p>\n<p>[\/vc_column_text][dfd_slide_parallax image_width=&#8221;1180&#8243; image_height=&#8221;600&#8243; delim_width=&#8221;4&#8243; image_first=&#8221;1040&#8243; image_second=&#8221;1041&#8243; marker=&#8221;1153&#8243; tutorials=&#8221;&#8221;][dfd_spacer screen_wide_spacer_size=&#8221;30&#8243; screen_normal_resolution=&#8221;1024&#8243; screen_tablet_resolution=&#8221;800&#8243; screen_mobile_resolution=&#8221;480&#8243;][\/vc_column][\/vc_row][vc_row][vc_column][dfd_spacer screen_wide_spacer_size=&#8221;50&#8243; screen_normal_resolution=&#8221;1024&#8243; screen_tablet_resolution=&#8221;800&#8243; screen_mobile_resolution=&#8221;480&#8243;][\/vc_column][\/vc_row]<\/p>\n","protected":false},"excerpt":{"rendered":"<p>[vc_row][vc_column][dfd_spacer screen_wide_spacer_size=&#8221;50&#8243; screen_normal_resolution=&#8221;1024&#8243; screen_tablet_resolution=&#8221;800&#8243; screen_mobile_resolution=&#8221;480&#8243; screen_normal_spacer_size=&#8221;30&#8243; screen_tablet_spacer_size=&#8221;30&#8243; screen_mobile_spacer_size=&#8221;15&#8243;][dfd_heading subtitle=&#8221;&#8221; content_alignment=&#8221;text-left&#8221; enable_delimiter=&#8221;&#8221; undefined=&#8221;&#8221; title_font_options=&#8221;tag:h2|color:%23272727&#8243; subtitle_font_options=&#8221;tag:div&#8221;]Tarama Hizmeti[\/dfd_heading][dfd_spacer screen_wide_spacer_size=&#8221;20&#8243; screen_normal_resolution=&#8221;1024&#8243; screen_tablet_resolution=&#8221;800&#8243; screen_mobile_resolution=&#8221;480&#8243;][\/vc_column][\/vc_row][vc_row][vc_column width=&#8221;1\/2&#8243;][dfd_logo_carousel enable_slides=&#8221;slides&#8221; list_fields=&#8221;%5B%7B%22icon_image_id%22%3A%221090%22%7D%2C%7B%22icon_image_id%22%3A%221091%22%7D%2C%7B%22icon_image_id%22%3A%221089%22%7D%5D&#8221; slides_to_show=&#8221;1&#8243; slides_to_scroll=&#8221;1&#8243; slideshow_speed=&#8221;3000&#8243; main_style=&#8221;style-1&#8243; auto_slideshow=&#8221;auto_slid&#8221; enable_dots=&#8221;dots&#8221; dots_style=&#8221;dfdline&#8221; opacity_before=&#8221;100&#8243;<\/p>\n","protected":false},"author":1,"featured_media":0,"parent":0,"menu_order":0,"comment_status":"closed","ping_status":"closed","template":"","meta":{"footnotes":""},"class_list":["post-827","page","type-page","status-publish","hentry"],"_links":{"self":[{"href":"https:\/\/www.benovamuhendislik.com\/index.php\/wp-json\/wp\/v2\/pages\/827","targetHints":{"allow":["GET"]}}],"collection":[{"href":"https:\/\/www.benovamuhendislik.com\/index.php\/wp-json\/wp\/v2\/pages"}],"about":[{"href":"https:\/\/www.benovamuhendislik.com\/index.php\/wp-json\/wp\/v2\/types\/page"}],"author":[{"embeddable":true,"href":"https:\/\/www.benovamuhendislik.com\/index.php\/wp-json\/wp\/v2\/users\/1"}],"replies":[{"embeddable":true,"href":"https:\/\/www.benovamuhendislik.com\/index.php\/wp-json\/wp\/v2\/comments?post=827"}],"version-history":[{"count":31,"href":"https:\/\/www.benovamuhendislik.com\/index.php\/wp-json\/wp\/v2\/pages\/827\/revisions"}],"predecessor-version":[{"id":1154,"href":"https:\/\/www.benovamuhendislik.com\/index.php\/wp-json\/wp\/v2\/pages\/827\/revisions\/1154"}],"wp:attachment":[{"href":"https:\/\/www.benovamuhendislik.com\/index.php\/wp-json\/wp\/v2\/media?parent=827"}],"curies":[{"name":"wp","href":"https:\/\/api.w.org\/{rel}","templated":true}]}}